{"id":6,"date":"2024-04-06T15:50:00","date_gmt":"2024-04-06T13:50:00","guid":{"rendered":"https:\/\/enso.mensch-sandbox.com\/index.php\/pocetna\/"},"modified":"2024-04-28T12:44:03","modified_gmt":"2024-04-28T10:44:03","slug":"pocetna","status":"publish","type":"page","link":"https:\/\/enso.mensch-sandbox.com\/","title":{"rendered":"Apartman &#8220;Enso&#8221; Po\u017eega &#8211; Luksuzni odmor u srcu Srbije"},"content":{"rendered":"<section class=\"l-section wpb_row us_custom_972a31ee has_text_color height_small\"><div class=\"l-section-h i-cf\"><div class=\"g-cols vc_row via_flex valign_top type_default stacking_default\"><div class=\"vc_col-sm-8 wpb_column vc_column_container\"><div class=\"vc_column-inner\"><div class=\"wpb_wrapper\"><h1 class=\"w-text us_custom_9de87d4e\"><span class=\"w-text-h\"><span class=\"w-text-value\">Apartman &#8220;Enso&#8221; Po\u017eega<\/span><\/span><\/h1><h2 class=\"w-text\"><span class=\"w-text-h\"><span class=\"w-text-value\">Luksuzni odmor u srcu Srbije<\/span><\/span><\/h2><div class=\"wpb_text_column\"><div class=\"wpb_wrapper\"><p>Dobrodo\u0161li u Apartman &#8216;Enso&#8217;, Va\u0161a oaza mira u Po\u017eegi. Sme\u0161ten na samo nekoliko koraka od centra grada, Apartman &#8216;Enso&#8217; nudi savr\u0161en spoj udobnosti i stila. Idealno mesto za one koji tra\u017ee kvalitetan odmor u srcu Srbije.<\/p>\n<\/div><\/div><div class=\"w-hwrapper us_custom_703b2333 valign_middle align_none\" style=\"--hwrapper-gap:0.4rem\"><div class=\"w-btn-wrapper align_none\"><a class=\"w-btn us-btn-style_2\" href=\"#apartman\"><span class=\"w-btn-label\">Apartman<\/span><\/a><\/div><div class=\"w-btn-wrapper align_none\"><a class=\"w-btn us-btn-style_2\" href=\"#lokacija\"><span class=\"w-btn-label\">Lokacija<\/span><\/a><\/div><div class=\"w-btn-wrapper align_none\"><a class=\"w-btn us-btn-style_2\" href=\"#galerija\"><span class=\"w-btn-label\">Galerija<\/span><\/a><\/div><div class=\"w-btn-wrapper align_none\"><a class=\"w-btn us-btn-style_2\" href=\"#rezervacije\"><span class=\"w-btn-label\">Rezervacija<\/span><\/a><\/div><\/div><\/div><\/div><\/div><div class=\"vc_col-sm-4 wpb_column vc_column_container\"><div class=\"vc_column-inner\"><div class=\"wpb_wrapper\"><\/div><\/div><\/div><\/div><\/div><\/section><section class=\"l-section wpb_row us_custom_edb5c3b8 height_auto width_full\"><div class=\"l-section-h i-cf\"><div class=\"g-cols vc_row via_flex valign_top type_default stacking_default\"><div class=\"vc_col-sm-12 wpb_column vc_column_container\"><div class=\"vc_column-inner\"><div class=\"wpb_wrapper\"><div class=\"w-image has_ratio align_center\"><div class=\"w-image-h\"><div style=\"padding-bottom:56.25%\"><\/div><img decoding=\"async\" width=\"1600\" height=\"1066\" src=\"https:\/\/enso.mensch-sandbox.com\/wp-content\/uploads\/2024\/04\/IMG_8742.webp\" class=\"attachment-full size-full\" alt=\"\" loading=\"lazy\" srcset=\"https:\/\/enso.mensch-sandbox.com\/wp-content\/uploads\/2024\/04\/IMG_8742.webp 1600w, https:\/\/enso.mensch-sandbox.com\/wp-content\/uploads\/2024\/04\/IMG_8742-300x200.webp 300w, https:\/\/enso.mensch-sandbox.com\/wp-content\/uploads\/2024\/04\/IMG_8742-1024x682.webp 1024w\" sizes=\"auto, (max-width: 1600px) 100vw, 1600px\" \/><\/div><\/div><\/div><\/div><\/div><\/div><\/div><\/section><section class=\"l-section wpb_row us_custom_e4bc1fd0 height_auto width_full\"><div class=\"l-section-h i-cf\"><div class=\"g-cols vc_row via_flex valign_top type_default stacking_default\"><div class=\"vc_col-sm-12 wpb_column vc_column_container\"><div class=\"vc_column-inner\"><div class=\"wpb_wrapper\"><div class=\"w-hwrapper valign_top align_none\" style=\"--hwrapper-gap:0rem\"><div class=\"w-image us_custom_43a763b7 has_ratio align_center\"><div class=\"w-image-h\"><div style=\"padding-bottom:150%\"><\/div><img decoding=\"async\" width=\"682\" height=\"1024\" src=\"https:\/\/enso.mensch-sandbox.com\/wp-content\/uploads\/2024\/04\/IMG_8737-682x1024.webp\" class=\"attachment-large size-large\" alt=\"\" loading=\"lazy\" srcset=\"https:\/\/enso.mensch-sandbox.com\/wp-content\/uploads\/2024\/04\/IMG_8737-682x1024.webp 682w, https:\/\/enso.mensch-sandbox.com\/wp-content\/uploads\/2024\/04\/IMG_8737-200x300.webp 200w, https:\/\/enso.mensch-sandbox.com\/wp-content\/uploads\/2024\/04\/IMG_8737.webp 1067w\" sizes=\"auto, (max-width: 682px) 100vw, 682px\" \/><\/div><\/div><div class=\"w-image us_custom_a01a6e42 has_ratio align_center\"><div class=\"w-image-h\"><div style=\"padding-bottom:150%\"><\/div><img decoding=\"async\" width=\"682\" height=\"1024\" src=\"https:\/\/enso.mensch-sandbox.com\/wp-content\/uploads\/2024\/04\/IMG_8735-682x1024.webp\" class=\"attachment-large size-large\" alt=\"\" loading=\"lazy\" srcset=\"https:\/\/enso.mensch-sandbox.com\/wp-content\/uploads\/2024\/04\/IMG_8735-682x1024.webp 682w, https:\/\/enso.mensch-sandbox.com\/wp-content\/uploads\/2024\/04\/IMG_8735-200x300.webp 200w, https:\/\/enso.mensch-sandbox.com\/wp-content\/uploads\/2024\/04\/IMG_8735.webp 1067w\" sizes=\"auto, (max-width: 682px) 100vw, 682px\" \/><\/div><\/div><\/div><\/div><\/div><\/div><\/div><\/div><\/section><section class=\"l-section wpb_row us_custom_02b472cb height_small\" id=\"apartman\"><div class=\"l-section-h i-cf\"><div class=\"g-cols vc_row via_flex valign_top type_default stacking_default\"><div class=\"vc_col-sm-4 wpb_column vc_column_container\"><div class=\"vc_column-inner\"><div class=\"wpb_wrapper\"><h3 class=\"w-text\"><span class=\"w-text-h\"><span class=\"w-text-value\">O apartmanu<\/span><\/span><\/h3><\/div><\/div><\/div><div class=\"vc_col-sm-8 wpb_column vc_column_container\"><div class=\"vc_column-inner\"><div class=\"wpb_wrapper\"><div class=\"wpb_text_column\"><div class=\"wpb_wrapper\"><p>Apartman <strong>Enso<\/strong> pru\u017ea izuzetan komfor i eleganciju. Na\u0161 klimatizovani apartman sa dve spava\u0107e sobe idealan je za porodi\u010dne odmore ili grupne posete. Opremljen najmodernijim sadr\u017eajima, apartman obuhvata dnevni boravak sa flat-screen televizorom i kablovskim kanalima, potpuno opremljenu kuhinju sa fri\u017eiderom i ma\u0161inom za sudove te elegantno kupatilo sa svim potrep\u0161tinama.<\/p>\n<\/div><\/div><\/div><\/div><\/div><\/div><\/div><\/section><section class=\"l-section wpb_row us_custom_e9282247 height_small\" id=\"lokacija\"><div class=\"l-section-h i-cf\"><div class=\"g-cols vc_row via_flex valign_top type_default stacking_default\"><div class=\"vc_col-sm-4 wpb_column vc_column_container\"><div class=\"vc_column-inner\"><div class=\"wpb_wrapper\"><h3 class=\"w-text\"><a href=\"#lokacija\" class=\"w-text-h\"><span class=\"w-text-value\">Lokacija<\/span><\/a><\/h3><div class=\"wpb_text_column us_custom_c901145c\"><div class=\"wpb_wrapper\"><p>Prona\u0111ite nas putem omiljenih aplikacija<\/p>\n<\/div><\/div><div class=\"w-socials us_custom_b4198c51 color_brand shape_none\" style=\"--gap:0.8em;\"><div class=\"w-socials-list\"><div class=\"w-socials-item custom\"><a href=\"#\" class=\"w-socials-item-link\" style=\"color:var(--color-header-middle-text)\" title=\"Google mape\" aria-label=\"Google mape\"><span class=\"w-socials-item-link-hover\" style=\"background:var(--color-header-middle-text);\"><\/span><i class=\"fab fa-google\"><\/i><\/a><div class=\"w-socials-item-popup\"><span>Google mape<\/span><\/div><\/div><div class=\"w-socials-item custom\"><a href=\"#\" class=\"w-socials-item-link\" style=\"color:var(--color-header-middle-text)\" title=\"Waze mape\" aria-label=\"Waze mape\"><span class=\"w-socials-item-link-hover\" style=\"background:var(--color-header-middle-text);\"><\/span><i class=\"fab fa-waze\"><\/i><\/a><div class=\"w-socials-item-popup\"><span>Waze mape<\/span><\/div><\/div><div class=\"w-socials-item custom\"><a href=\"#\" class=\"w-socials-item-link\" style=\"color:var(--color-header-middle-text)\" title=\"Apple mape\" aria-label=\"Apple mape\"><span class=\"w-socials-item-link-hover\" style=\"background:var(--color-header-middle-text);\"><\/span><i class=\"fab fa-apple\"><\/i><\/a><div class=\"w-socials-item-popup\"><span>Apple mape<\/span><\/div><\/div><\/div><\/div><\/div><\/div><\/div><div class=\"vc_col-sm-8 wpb_column vc_column_container\"><div class=\"vc_column-inner\"><div class=\"wpb_wrapper\"><div class=\"wpb_text_column\"><div class=\"wpb_wrapper\"><p>Lociran 450 metara od centra Po\u017eege, Apartman &#8216;Enso&#8217; je va\u0161 savr\u0161en izbor za istra\u017eivanje ovog \u010darobnog kraja. U\u017eivajte u blizini popularnih turisti\u010dkih destinacija kao \u0161to su planina Div\u010dibare na 44 km i Zlatibor na 48 km. Najbli\u017ei aerodrom, Aerodrom Morava, nalazi se na 60 km.<\/p>\n<\/div><\/div><\/div><\/div><\/div><\/div><\/div><\/section><section class=\"l-section wpb_row height_small\" id=\"galerija\"><div class=\"l-section-h i-cf\"><div class=\"g-cols vc_row via_flex valign_top type_default stacking_default\"><div class=\"vc_col-sm-12 wpb_column vc_column_container\"><div class=\"vc_column-inner\"><div class=\"wpb_wrapper\"><div class=\"g-cols wpb_row via_flex valign_top type_default stacking_default\"><div class=\"vc_col-sm-4 wpb_column vc_column_container\"><div class=\"vc_column-inner\"><div class=\"wpb_wrapper\"><h3 class=\"w-text\"><span class=\"w-text-h\"><span class=\"w-text-value\">Galerija<\/span><\/span><\/h3><div class=\"wpb_text_column us_custom_c901145c\"><div class=\"wpb_wrapper\"><p>Pogledajte na\u0161u galeriju slika i zavirite u svet koji vas \u010deka u Apartmanu Enso. Osetite atmosferu i komfor koji pru\u017eamo svakom gostu.<\/p>\n<\/div><\/div><\/div><\/div><\/div><div class=\"vc_col-sm-8 wpb_column vc_column_container\"><div class=\"vc_column-inner\"><div class=\"wpb_wrapper\"><\/div><\/div><\/div><\/div><div class=\"g-cols wpb_row us_custom_703b2333 via_flex valign_top type_default stacking_default\"><div class=\"vc_col-sm-12 wpb_column vc_column_container\"><div class=\"vc_column-inner\"><div class=\"wpb_wrapper\"><div class=\"w-gallery type_metro_2 ratio_1x1 count_12\" style=\"--columns:4;--items-gap:10px;\"><div class=\"w-gallery-list\"><div class=\"w-gallery-item\"><div class=\"w-gallery-item-img\"><img loading=\"lazy\" decoding=\"async\" width=\"1024\" height=\"683\" src=\"https:\/\/enso.mensch-sandbox.com\/wp-content\/uploads\/2024\/04\/IMG_8733-1024x683.webp\" class=\"attachment-large size-large\" alt=\"\" srcset=\"https:\/\/enso.mensch-sandbox.com\/wp-content\/uploads\/2024\/04\/IMG_8733-1024x683.webp 1024w, https:\/\/enso.mensch-sandbox.com\/wp-content\/uploads\/2024\/04\/IMG_8733-300x200.webp 300w, https:\/\/enso.mensch-sandbox.com\/wp-content\/uploads\/2024\/04\/IMG_8733.webp 1600w\" sizes=\"auto, (max-width: 1024px) 100vw, 1024px\" \/><\/div><\/div><div class=\"w-gallery-item\"><div class=\"w-gallery-item-img\"><img loading=\"lazy\" decoding=\"async\" width=\"682\" height=\"1024\" src=\"https:\/\/enso.mensch-sandbox.com\/wp-content\/uploads\/2024\/04\/IMG_8736-682x1024.webp\" class=\"attachment-large size-large\" alt=\"\" srcset=\"https:\/\/enso.mensch-sandbox.com\/wp-content\/uploads\/2024\/04\/IMG_8736-682x1024.webp 682w, https:\/\/enso.mensch-sandbox.com\/wp-content\/uploads\/2024\/04\/IMG_8736-200x300.webp 200w, https:\/\/enso.mensch-sandbox.com\/wp-content\/uploads\/2024\/04\/IMG_8736.webp 1067w\" sizes=\"auto, (max-width: 682px) 100vw, 682px\" \/><\/div><\/div><div class=\"w-gallery-item\"><div class=\"w-gallery-item-img\"><img loading=\"lazy\" decoding=\"async\" width=\"1024\" height=\"683\" src=\"https:\/\/enso.mensch-sandbox.com\/wp-content\/uploads\/2024\/04\/IMG_8738-1024x683.webp\" class=\"attachment-large size-large\" alt=\"\" srcset=\"https:\/\/enso.mensch-sandbox.com\/wp-content\/uploads\/2024\/04\/IMG_8738-1024x683.webp 1024w, https:\/\/enso.mensch-sandbox.com\/wp-content\/uploads\/2024\/04\/IMG_8738-300x200.webp 300w, https:\/\/enso.mensch-sandbox.com\/wp-content\/uploads\/2024\/04\/IMG_8738.webp 1600w\" sizes=\"auto, (max-width: 1024px) 100vw, 1024px\" \/><\/div><\/div><div class=\"w-gallery-item\"><div class=\"w-gallery-item-img\"><img loading=\"lazy\" decoding=\"async\" width=\"768\" height=\"1024\" src=\"https:\/\/enso.mensch-sandbox.com\/wp-content\/uploads\/2024\/04\/IMG_8743-768x1024.webp\" class=\"attachment-large size-large\" alt=\"\" srcset=\"https:\/\/enso.mensch-sandbox.com\/wp-content\/uploads\/2024\/04\/IMG_8743-768x1024.webp 768w, https:\/\/enso.mensch-sandbox.com\/wp-content\/uploads\/2024\/04\/IMG_8743-225x300.webp 225w, https:\/\/enso.mensch-sandbox.com\/wp-content\/uploads\/2024\/04\/IMG_8743.webp 1200w\" sizes=\"auto, (max-width: 768px) 100vw, 768px\" \/><\/div><\/div><div class=\"w-gallery-item\"><div class=\"w-gallery-item-img\"><img loading=\"lazy\" decoding=\"async\" width=\"1024\" height=\"768\" src=\"https:\/\/enso.mensch-sandbox.com\/wp-content\/uploads\/2024\/04\/IMG_8744-1024x768.webp\" class=\"attachment-large size-large\" alt=\"\" srcset=\"https:\/\/enso.mensch-sandbox.com\/wp-content\/uploads\/2024\/04\/IMG_8744-1024x768.webp 1024w, https:\/\/enso.mensch-sandbox.com\/wp-content\/uploads\/2024\/04\/IMG_8744-300x225.webp 300w, https:\/\/enso.mensch-sandbox.com\/wp-content\/uploads\/2024\/04\/IMG_8744.webp 1600w\" sizes=\"auto, (max-width: 1024px) 100vw, 1024px\" \/><\/div><\/div><div class=\"w-gallery-item\"><div class=\"w-gallery-item-img\"><img loading=\"lazy\" decoding=\"async\" width=\"1024\" height=\"768\" src=\"https:\/\/enso.mensch-sandbox.com\/wp-content\/uploads\/2024\/04\/IMG_8745-1024x768.webp\" class=\"attachment-large size-large\" alt=\"\" srcset=\"https:\/\/enso.mensch-sandbox.com\/wp-content\/uploads\/2024\/04\/IMG_8745-1024x768.webp 1024w, https:\/\/enso.mensch-sandbox.com\/wp-content\/uploads\/2024\/04\/IMG_8745-300x225.webp 300w, https:\/\/enso.mensch-sandbox.com\/wp-content\/uploads\/2024\/04\/IMG_8745.webp 1600w\" sizes=\"auto, (max-width: 1024px) 100vw, 1024px\" \/><\/div><\/div><div class=\"w-gallery-item\"><div class=\"w-gallery-item-img\"><img loading=\"lazy\" decoding=\"async\" width=\"682\" height=\"1024\" src=\"https:\/\/enso.mensch-sandbox.com\/wp-content\/uploads\/2024\/04\/IMG_8748-682x1024.webp\" class=\"attachment-large size-large\" alt=\"\" srcset=\"https:\/\/enso.mensch-sandbox.com\/wp-content\/uploads\/2024\/04\/IMG_8748-682x1024.webp 682w, https:\/\/enso.mensch-sandbox.com\/wp-content\/uploads\/2024\/04\/IMG_8748-200x300.webp 200w, https:\/\/enso.mensch-sandbox.com\/wp-content\/uploads\/2024\/04\/IMG_8748.webp 1067w\" sizes=\"auto, (max-width: 682px) 100vw, 682px\" \/><\/div><\/div><div class=\"w-gallery-item\"><div class=\"w-gallery-item-img\"><img loading=\"lazy\" decoding=\"async\" width=\"682\" height=\"1024\" src=\"https:\/\/enso.mensch-sandbox.com\/wp-content\/uploads\/2024\/04\/IMG_8749-682x1024.webp\" class=\"attachment-large size-large\" alt=\"\" srcset=\"https:\/\/enso.mensch-sandbox.com\/wp-content\/uploads\/2024\/04\/IMG_8749-682x1024.webp 682w, https:\/\/enso.mensch-sandbox.com\/wp-content\/uploads\/2024\/04\/IMG_8749-200x300.webp 200w, https:\/\/enso.mensch-sandbox.com\/wp-content\/uploads\/2024\/04\/IMG_8749.webp 1067w\" sizes=\"auto, (max-width: 682px) 100vw, 682px\" \/><\/div><\/div><div class=\"w-gallery-item\"><div class=\"w-gallery-item-img\"><img loading=\"lazy\" decoding=\"async\" width=\"682\" height=\"1024\" src=\"https:\/\/enso.mensch-sandbox.com\/wp-content\/uploads\/2024\/04\/IMG_8750-682x1024.webp\" class=\"attachment-large size-large\" alt=\"\" srcset=\"https:\/\/enso.mensch-sandbox.com\/wp-content\/uploads\/2024\/04\/IMG_8750-682x1024.webp 682w, https:\/\/enso.mensch-sandbox.com\/wp-content\/uploads\/2024\/04\/IMG_8750-200x300.webp 200w, https:\/\/enso.mensch-sandbox.com\/wp-content\/uploads\/2024\/04\/IMG_8750.webp 1067w\" sizes=\"auto, (max-width: 682px) 100vw, 682px\" \/><\/div><\/div><div class=\"w-gallery-item\"><div class=\"w-gallery-item-img\"><img loading=\"lazy\" decoding=\"async\" width=\"1024\" height=\"683\" src=\"https:\/\/enso.mensch-sandbox.com\/wp-content\/uploads\/2024\/04\/IMG_8753-1024x683.webp\" class=\"attachment-large size-large\" alt=\"\" srcset=\"https:\/\/enso.mensch-sandbox.com\/wp-content\/uploads\/2024\/04\/IMG_8753-1024x683.webp 1024w, https:\/\/enso.mensch-sandbox.com\/wp-content\/uploads\/2024\/04\/IMG_8753-300x200.webp 300w, https:\/\/enso.mensch-sandbox.com\/wp-content\/uploads\/2024\/04\/IMG_8753.webp 1600w\" sizes=\"auto, (max-width: 1024px) 100vw, 1024px\" \/><\/div><\/div><div class=\"w-gallery-item\"><div class=\"w-gallery-item-img\"><img loading=\"lazy\" decoding=\"async\" width=\"1024\" height=\"683\" src=\"https:\/\/enso.mensch-sandbox.com\/wp-content\/uploads\/2024\/04\/IMG_8754-1024x683.webp\" class=\"attachment-large size-large\" alt=\"\" srcset=\"https:\/\/enso.mensch-sandbox.com\/wp-content\/uploads\/2024\/04\/IMG_8754-1024x683.webp 1024w, https:\/\/enso.mensch-sandbox.com\/wp-content\/uploads\/2024\/04\/IMG_8754-300x200.webp 300w, https:\/\/enso.mensch-sandbox.com\/wp-content\/uploads\/2024\/04\/IMG_8754.webp 1600w\" sizes=\"auto, (max-width: 1024px) 100vw, 1024px\" \/><\/div><\/div><div class=\"w-gallery-item\"><div class=\"w-gallery-item-img\"><img loading=\"lazy\" decoding=\"async\" width=\"1024\" height=\"683\" src=\"https:\/\/enso.mensch-sandbox.com\/wp-content\/uploads\/2024\/04\/IMG_8733-2-1024x683.webp\" class=\"attachment-large size-large\" alt=\"\" srcset=\"https:\/\/enso.mensch-sandbox.com\/wp-content\/uploads\/2024\/04\/IMG_8733-2-1024x683.webp 1024w, https:\/\/enso.mensch-sandbox.com\/wp-content\/uploads\/2024\/04\/IMG_8733-2-300x200.webp 300w, https:\/\/enso.mensch-sandbox.com\/wp-content\/uploads\/2024\/04\/IMG_8733-2.webp 1600w\" sizes=\"auto, (max-width: 1024px) 100vw, 1024px\" \/><\/div><\/div><\/div><\/div><\/div><\/div><\/div><\/div><\/div><\/div><\/div><\/div><\/div><\/section><section class=\"l-section wpb_row height_small\" id=\"rezervacije\"><div class=\"l-section-h i-cf\"><div class=\"g-cols vc_row via_flex valign_top type_default stacking_default\"><div class=\"vc_col-sm-4 wpb_column vc_column_container\"><div class=\"vc_column-inner\"><div class=\"wpb_wrapper\"><h3 class=\"w-text\"><span class=\"w-text-h\"><span class=\"w-text-value\">Rezervacije<\/span><\/span><\/h3><div class=\"wpb_text_column us_custom_c901145c\"><div class=\"wpb_wrapper\"><p>Za vi\u0161e informacija o dostupnosti i rezervacijama, molimo vas da nas kontaktirate. Na\u0161 tim je ovde da vam pomogne da organizujete nezaboravan boravak u Apartmanu <strong>Enso<\/strong><\/p>\n<\/div><\/div><\/div><\/div><\/div><div class=\"vc_col-sm-4 wpb_column vc_column_container\"><div class=\"vc_column-inner\"><div class=\"wpb_wrapper\"><form class=\"w-form  layout_ver for_cform us_form_1\" autocomplete=\"off\" action=\"https:\/\/enso.mensch-sandbox.com\/index.php\/wp-json\/wp\/v2\/pages\/6\" method=\"post\"><div class=\"w-form-h\"><div class=\"w-form-row for_text required\">\r\n\t\t<div class=\"w-form-row-field\">\r\n\t\t\t\t\t\t<input aria-label=\"Ime i prezime\" type=\"text\" name=\"us_form_1_text_1\" value placeholder=\"Ime i prezime *\" data-required=\"true\" aria-required=\"true\"\/>\r\n\t\t\t<\/div>\r\n\t\t<div class=\"w-form-row-state\">Fill out this field<\/div>\r\n<\/div>\r\n<div class=\"w-form-row for_email required\">\r\n\t\t<div class=\"w-form-row-field\">\r\n\t\t\t\t\t\t<input aria-label=\"E-po\u0161ta\" type=\"email\" name=\"us_form_1_email_1\" value placeholder=\"E-po\u0161ta *\" data-required=\"true\" aria-required=\"true\"\/>\r\n\t\t\t<\/div>\r\n\t\t<div class=\"w-form-row-state\">Unesite valjanu adresu e-po\u0161te.<\/div>\r\n<\/div>\r\n<div class=\"w-form-row for_date required\">\r\n\t\t<div class=\"w-form-row-field\">\r\n\t\t\t\t\t\t<input type=\"text\" name=\"us_form_1_date_1\" value inputmode=\"none\" data-date-format=\"d MM yy\" aria-label=\"Datum odlaska\" placeholder=\"Datum odlaska *\" data-required=\"true\" aria-required=\"true\"\/>\r\n\t\t\t<\/div>\r\n\t\t<div class=\"w-form-row-state\">Fill out this field<\/div>\r\n<\/div>\r\n<div class=\"w-form-row for_date required\">\r\n\t\t<div class=\"w-form-row-field\">\r\n\t\t\t\t\t\t<input type=\"text\" name=\"us_form_1_date_2\" value inputmode=\"none\" data-date-format=\"d MM yy\" aria-label=\"Datum dolaska\" placeholder=\"Datum dolaska *\" data-required=\"true\" aria-required=\"true\"\/>\r\n\t\t\t<\/div>\r\n\t\t<div class=\"w-form-row-state\">Fill out this field<\/div>\r\n<\/div>\r\n<div class=\"w-form-row for_textarea\">\r\n\t\t<div class=\"w-form-row-field\">\r\n\t\t\t\t\t\t<textarea aria-label=\"Dodatni komentar (Nije obavezan)\" name=\"us_form_1_textarea_1\" placeholder=\"Dodatni komentar (Nije obavezan)\"><\/textarea>\r\n\t\t\t<\/div>\r\n\t\t<div class=\"w-form-row-state\">Fill out this field<\/div>\r\n<\/div>\r\n<div class=\"w-form-row for_agreement required\">\r\n\t\t<div class=\"w-form-row-field\">\r\n\t\t\t\t<label>\r\n\t\t\t<input type=\"checkbox\" value=\"1\" data-required=\"true\" aria-required=\"true\" name=\"us_form_1_agreement_1\"\/>\r\n\t\t\t<span>Slanjem upita za rezervaciju potvr\u0111ujete da ste pro\u010ditali i da se sla\u017eete sa na\u0161om politikom privatnosti<\/span>\r\n\t\t<\/label>\r\n\t\t\t<\/div>\r\n\t\t<div class=\"w-form-row-state\">You need to agree with the terms to proceed<\/div>\r\n<\/div>\r\n<input type=\"hidden\" name=\"action\" value=\"us_ajax_cform\" \/>\r\n<input type=\"hidden\" name=\"post_id\" value=\"0\" \/>\r\n<input type=\"hidden\" name=\"form_index\" value=\"1\" \/>\r\n<div class=\"w-form-row for_submit align_none\">\r\n\t<button class=\"w-btn  us-btn-style_1\" aria-label=\"Po\u0161ajli upit\" type=\"submit\">\r\n\t\t<span class=\"g-preloader type_1\"><\/span>\r\n\t\t\t\t<span class=\"w-btn-label\">Po\u0161ajli upit<\/span>\r\n\t\t\t<\/button>\r\n\t<\/div>\r\n<\/div><div class=\"w-form-message\"><\/div><div class=\"w-form-json hidden\" onclick='return {&quot;ajaxurl&quot;:&quot;https:\\\/\\\/enso.mensch-sandbox.com\\\/wp-admin\\\/admin-ajax.php&quot;,&quot;messages&quot;:{&quot;err_empty&quot;:&quot;Fill out this field&quot;,&quot;err_size&quot;:&quot;File size cannot exceed %s MB&quot;,&quot;err_extension&quot;:&quot;%s file type is not allowed&quot;}}'><\/div><\/form><\/div><\/div><\/div><div class=\"vc_col-sm-4 wpb_column vc_column_container\"><div class=\"vc_column-inner\"><div class=\"wpb_wrapper\"><div class=\"wpb_text_column\"><div class=\"wpb_wrapper\"><p><a href=\"tel:+381641734987\">+381 64 173 49 87<\/a><\/p>\n<p>Kara\u0111or\u0111eva X,<\/p>\n<p>31210 Po\u017eega, RS<\/p>\n<p>Pratite nas na <strong>Instagramu<\/strong> i <strong>Facebook<\/strong>-u<\/p>\n<\/div><\/div><\/div><\/div><\/div><\/div><\/div><\/section>\n","protected":false},"excerpt":{"rendered":"Apartman &#8220;Enso&#8221; Po\u017eegaLuksuzni odmor u srcu SrbijeDobrodo\u0161li u Apartman &#8216;Enso&#8217;, Va\u0161a oaza mira u Po\u017eegi. Sme\u0161ten na samo nekoliko koraka od centra grada, Apartman &#8216;Enso&#8217; nudi savr\u0161en spoj udobnosti i stila. Idealno mesto za one koji tra\u017ee kvalitetan odmor u srcu Srbije. ApartmanLokacijaGalerijaRezervacijaO apartmanuApartman Enso pru\u017ea izuzetan komfor i eleganciju. Na\u0161 klimatizovani apartman sa dve...","protected":false},"author":1,"featured_media":0,"parent":0,"menu_order":0,"comment_status":"closed","ping_status":"closed","template":"","meta":{"footnotes":""},"class_list":["post-6","page","type-page","status-publish","hentry"],"_links":{"self":[{"href":"https:\/\/enso.mensch-sandbox.com\/index.php\/wp-json\/wp\/v2\/pages\/6","targetHints":{"allow":["GET"]}}],"collection":[{"href":"https:\/\/enso.mensch-sandbox.com\/index.php\/wp-json\/wp\/v2\/pages"}],"about":[{"href":"https:\/\/enso.mensch-sandbox.com\/index.php\/wp-json\/wp\/v2\/types\/page"}],"author":[{"embeddable":true,"href":"https:\/\/enso.mensch-sandbox.com\/index.php\/wp-json\/wp\/v2\/users\/1"}],"replies":[{"embeddable":true,"href":"https:\/\/enso.mensch-sandbox.com\/index.php\/wp-json\/wp\/v2\/comments?post=6"}],"version-history":[{"count":46,"href":"https:\/\/enso.mensch-sandbox.com\/index.php\/wp-json\/wp\/v2\/pages\/6\/revisions"}],"predecessor-version":[{"id":100,"href":"https:\/\/enso.mensch-sandbox.com\/index.php\/wp-json\/wp\/v2\/pages\/6\/revisions\/100"}],"wp:attachment":[{"href":"https:\/\/enso.mensch-sandbox.com\/index.php\/wp-json\/wp\/v2\/media?parent=6"}],"curies":[{"name":"wp","href":"https:\/\/api.w.org\/{rel}","templated":true}]}}